{"id":822,"date":"2021-12-06T08:22:35","date_gmt":"2021-12-06T08:22:35","guid":{"rendered":"http:\/\/fastwpdemo.com\/newwp\/kodesk\/?page_id=822"},"modified":"2025-09-08T08:57:45","modified_gmt":"2025-09-08T08:57:45","slug":"pricing-plan","status":"publish","type":"page","link":"https:\/\/jobbay.ba\/?page_id=822","title":{"rendered":"CIJENE I PAKETI"},"content":{"rendered":"\t\t<div data-elementor-type=\"wp-page\" data-elementor-id=\"822\" class=\"elementor elementor-822\">\n\t\t\t\t<div class=\"elementor-element elementor-element-3e4f404 e-flex e-con-boxed e-con e-parent\" data-id=\"3e4f404\" data-element_type=\"container\" data-e-type=\"container\">\n\t\t\t\t\t<div class=\"e-con-inner\">\n\t\t\t\t<div class=\"elementor-element elementor-element-efc1d54 elementor-widget elementor-widget-kodesk_pricing_plan_v1\" data-id=\"efc1d54\" data-element_type=\"widget\" data-e-type=\"widget\" data-widget_type=\"kodesk_pricing_plan_v1.default\">\n\t\t\t\t<div class=\"elementor-widget-container\">\n\t\t\t\t\t        \n        <!-- pricing-section -->\n        <section class=\"pricing-section sec-pad\">\n        \t            <div class=\"pattern-layer\" style=\"background-image: url(https:\/\/jobbay.ba\/wp-content\/themes\/kodesk\/assets\/images\/shape\/shape-2.png);\"><\/div>\n                        \n            <div class=\"auto-container\">\n            \t                <div class=\"sec-title centred\">\n                    <h6>Cijene i paketi<\/h6>\n                    <h2>Imamo fleksibilne i za sve prilago\u0111ene pakete<\/h2>\n                <\/div>\n                                \n                <div class=\"row clearfix\">\n                                        <div class=\"col-lg-4 col-md-6 col-sm-12 pricing-block\">\n                        <div class=\"pricing-block-one  wow fadeInUp animated\" data-wow-delay=\"300ms\" data-wow-duration=\"1500ms\">\n                            <div class=\"pricing-table\">\n                                <div class=\"table-header\">\n                                    <h3>19 KM<\/h3>                                    <div class=\"icon-box\"><img decoding=\"async\" src=\"https:\/\/jobbay.ba\/wp-content\/uploads\/2021\/12\/icon-12.png\" alt=\"Icon\"><\/div>\n                                    <h2>Dnevni paket<\/h2>\n                                    <p>Za one kojima je povremeno potrebna kancelarija<\/p>\n                                <\/div>\n                                \n                                                                <div class=\"feature-box\">\n                                \t                                    <div class=\"single-item\"><h6>Radno vrijeme<\/h6><p>Jednokratni pristup u trajanju od 09 do 23 sata<\/p><\/div>\n                                                                        <div class=\"single-item\"><h6>Soba za sastanke<\/h6><p>50% od redovne cijene<\/p><\/div>\n                                                                        <div class=\"single-item\"><h6>Kori\u0161tenje sadr\u017eaja<\/h6><p>Stol i stolica, Internet, A\/C, soba za odmore, Call room... <i class=\"flaticon-diagonal-arrow\"><\/i><\/p><\/div>\n                                                                        <div class=\"single-item\"><h6>Dodatne usluge<\/h6><p>Ostale dodatne usluge po dogovoru sa klijentom<\/p><\/div>\n                                                                    <\/div>\n                                                                \n                                                                <div class=\"table-footer\">\n                                    <a href=\"mailto:hello@jobbay.ba\" class=\"theme-btn btn-one\"><span>REZERVI\u0160I PROSTOR<\/span><\/a>\n                                <\/div>\n                                                            <\/div>\n                        <\/div>\n                    <\/div>\n                                        <div class=\"col-lg-4 col-md-6 col-sm-12 pricing-block\">\n                        <div class=\"pricing-block-one active-block wow fadeInUp animated\" data-wow-delay=\"300ms\" data-wow-duration=\"1500ms\">\n                            <div class=\"pricing-table\">\n                                <div class=\"table-header\">\n                                    <h3>123 KM<\/h3>                                    <div class=\"icon-box\"><img decoding=\"async\" src=\"https:\/\/jobbay.ba\/wp-content\/uploads\/2021\/12\/icon-13.png\" alt=\"Icon\"><\/div>\n                                    <h2>Virtualni office<\/h2>\n                                    <p>Za one kojima je potrebno sjedi\u0161te za kompaniju ali ne i radni prostor<\/p>\n                                <\/div>\n                                \n                                                                <div class=\"feature-box\">\n                                \t                                    <div class=\"single-item\"><h6>\u0160ta uklju\u010duje<\/h6><p>Adresa za kompaniju, sandu\u010di\u0107i za sitne stvari (kasa, pe\u010dat i sl.), prijem po\u0161te, obavijest o prijemu po\u0161te...<\/p><\/div>\n                                                                        <div class=\"single-item\"><h6>Soba za sastanke<\/h6><p>3 sata kori\u0161tenje u toku mjeseca uz prethodnu najavu i 50% od redovne cijene za dodatne sate<\/p><\/div>\n                                                                        <div class=\"single-item\"><h6>Dodatno<\/h6><p>Popusti na usluge kod partnerskih organizacija... <i class=\"flaticon-diagonal-arrow\"><\/i><\/p><\/div>\n                                                                        <div class=\"single-item\"><h6>Administracija<\/h6><p>Pomo\u0107 kod registracije kompanije i savjetovanje za isto...<\/p><\/div>\n                                                                    <\/div>\n                                                                \n                                                                <div class=\"table-footer\">\n                                    <a href=\"mailto:hello@jobbay.ba\" class=\"theme-btn btn-one\"><span>IZABERI PAKET<\/span><\/a>\n                                <\/div>\n                                                            <\/div>\n                        <\/div>\n                    <\/div>\n                                        <div class=\"col-lg-4 col-md-6 col-sm-12 pricing-block\">\n                        <div class=\"pricing-block-one  wow fadeInUp animated\" data-wow-delay=\"300ms\" data-wow-duration=\"1500ms\">\n                            <div class=\"pricing-table\">\n                                <div class=\"table-header\">\n                                    <h3>234 km<\/h3>                                    <div class=\"icon-box\"><img decoding=\"async\" src=\"https:\/\/jobbay.ba\/wp-content\/uploads\/2021\/12\/icon-14.png\" alt=\"Icon\"><\/div>\n                                    <h2>Dijeljeni radni prostor<\/h2>\n                                    <p>Za one kojima je privremeno i povremeno potrebna kancelarija<\/p>\n                                <\/div>\n                                \n                                                                <div class=\"feature-box\">\n                                \t                                    <div class=\"single-item\"><h6>\u0160ta uklju\u010duje<\/h6><p>Sve kao virtualni + prostor za rad 8 sati dnevno (dijeljeni stol i stolica), veliki ormari\u0107, kori\u0161tenje svih sadr\u017eaja<\/p><\/div>\n                                                                        <div class=\"single-item\"><h6>Radno vrijeme<\/h6><p>od 09 do 23 sata (8 sati po izboru klijenta)<\/p><\/div>\n                                                                        <div class=\"single-item\"><h6>Soba za sastanke<\/h6><p>8 sati kori\u0161tenje u toku mjeseca uz prethodnu najavu i 50% od redovne cijene za dodatne sate<\/p><\/div>\n                                                                        <div class=\"single-item\"><h6>Dodatno<\/h6><p>Posebni popusti na usluge kod partnerskih organizacija... <i class=\"flaticon-diagonal-arrow\"><\/i><\/p><\/div>\n                                                                        <div class=\"single-item\"><h6>Administracija<\/h6><p>Pomo\u0107 kod registracije kompanije i savjetovanje za isto, marketin\u0161ko savjetovanje...<\/p><\/div>\n                                                                    <\/div>\n                                                                \n                                                                <div class=\"table-footer\">\n                                    <a href=\"mailto:hello@jobbay.ba\" class=\"theme-btn btn-one\"><span>IZABERI PAKET<\/span><\/a>\n                                <\/div>\n                                                            <\/div>\n                        <\/div>\n                    <\/div>\n                                        <div class=\"col-lg-4 col-md-6 col-sm-12 pricing-block\">\n                        <div class=\"pricing-block-one  wow fadeInUp animated\" data-wow-delay=\"300ms\" data-wow-duration=\"1500ms\">\n                            <div class=\"pricing-table\">\n                                <div class=\"table-header\">\n                                    <h3>345 km<\/h3>                                    <div class=\"icon-box\"><img decoding=\"async\" src=\"https:\/\/jobbay.ba\/wp-content\/uploads\/2021\/12\/icon-14.png\" alt=\"Icon\"><\/div>\n                                    <h2>Exclusive paket<\/h2>\n                                    <p>Za one kojima je stalno neophodan radni prostor<\/p>\n                                <\/div>\n                                \n                                                                <div class=\"feature-box\">\n                                \t                                    <div class=\"single-item\"><h6>\u0160ta uklju\u010duje<\/h6><p>Sve kao dijeljeni radni prostor + stalni prostor za rad od 09 do 23 sata (stalni stol i stolica), veliki ormari\u0107, kori\u0161tenje svih sadr\u017eaja<\/p><\/div>\n                                                                        <div class=\"single-item\"><h6>Radno vrijeme<\/h6><p>od 09 do 23 sata<\/p><\/div>\n                                                                        <div class=\"single-item\"><h6>Soba za sastanke<\/h6><p>12 sati kori\u0161tenje u toku mjeseca uz prethodnu najavu i 50% od redovne cijene za dodatne sate<\/p><\/div>\n                                                                        <div class=\"single-item\"><h6>Dodatno<\/h6><p>Posebni popusti na usluge kod partnerskih organizacija... <i class=\"flaticon-diagonal-arrow\"><\/i><\/p><\/div>\n                                                                        <div class=\"single-item\"><h6>Administracija<\/h6><p>Pomo\u0107 kod registracije kompanije i savjetovanje za isto, marketin\u0161ko savjetovanje...<\/p><\/div>\n                                                                    <\/div>\n                                                                \n                                                                <div class=\"table-footer\">\n                                    <a href=\"mailto:hello@jobbay.ba\" class=\"theme-btn btn-one\"><span>IZABERI PAKET<\/span><\/a>\n                                <\/div>\n                                                            <\/div>\n                        <\/div>\n                    <\/div>\n                                        <div class=\"col-lg-4 col-md-6 col-sm-12 pricing-block\">\n                        <div class=\"pricing-block-one active-block wow fadeInUp animated\" data-wow-delay=\"300ms\" data-wow-duration=\"1500ms\">\n                            <div class=\"pricing-table\">\n                                <div class=\"table-header\">\n                                    <h3>19\/h KM<\/h3>                                    <div class=\"icon-box\"><img decoding=\"async\" src=\"https:\/\/jobbay.ba\/wp-content\/uploads\/2021\/12\/icon-13.png\" alt=\"Icon\"><\/div>\n                                    <h2>Soba za sastanke<\/h2>\n                                    <p>Za one kojima je potrebno mjesto za sastanke ili prezentiranje svojih ideja<\/p>\n                                <\/div>\n                                \n                                                                <div class=\"feature-box\">\n                                \t                                    <div class=\"single-item\"><h6>\u0160ta uklju\u010duje<\/h6><p>Kori\u0161tenje sobe za sastanke, projektora, aparata za printanje, kuhinje...<\/p><\/div>\n                                                                        <div class=\"single-item\"><h6>Soba za sastanke<\/h6><p>Soba za sastanke sadr\u017ei prostor za prijem do 10 osoba, sadr\u017ei projektor i projektorsko platno, tablu za pisanje...<\/p><\/div>\n                                                                        <div class=\"single-item\"><h6>Dodatno<\/h6><p>Uz dogovor mogu\u0107a je organizacija i druhih potrebnih usluga i sadr\u017eaja. <i class=\"flaticon-diagonal-arrow\"><\/i><\/p><\/div>\n                                                                    <\/div>\n                                                                \n                                                                <div class=\"table-footer\">\n                                    <a href=\"mailto:hello@jobbay.ba\" class=\"theme-btn btn-one\"><span>REZERVI\u0160I PROSTOR<\/span><\/a>\n                                <\/div>\n                                                            <\/div>\n                        <\/div>\n                    <\/div>\n                                        <div class=\"col-lg-4 col-md-6 col-sm-12 pricing-block\">\n                        <div class=\"pricing-block-one  wow fadeInUp animated\" data-wow-delay=\"300ms\" data-wow-duration=\"1500ms\">\n                            <div class=\"pricing-table\">\n                                <div class=\"table-header\">\n                                    <h3>po dogovoru<\/h3>                                    <div class=\"icon-box\"><img decoding=\"async\" src=\"https:\/\/jobbay.ba\/wp-content\/uploads\/2021\/12\/icon-47.png\" alt=\"Icon\"><\/div>\n                                    <h2>Paket po \u017eelji klijenta<\/h2>\n                                    <p>Za one koji imaju posebne zahtjeve i \u017eelje<\/p>\n                                <\/div>\n                                \n                                                                <div class=\"feature-box\">\n                                \t                                    <div class=\"single-item\"><h6>\u0160ta uklju\u010duje<\/h6><p>Sve kao ostali paketi + posebni zahtjevi klijenta <\/p><\/div>\n                                                                        <div class=\"single-item\"><h6>Radno vrijeme<\/h6><p>U skladu sa dogovorom sa klijentom<\/p><\/div>\n                                                                        <div class=\"single-item\"><h6>Soba za sastanke<\/h6><p>U skladu sa dogovorom sa klijentom<\/p><\/div>\n                                                                        <div class=\"single-item\"><h6>Dodatno<\/h6><p>Sve dodatno + posebni zahtjevi klijenta ... <i class=\"flaticon-diagonal-arrow\"><\/i><\/p><\/div>\n                                                                        <div class=\"single-item\"><h6>Administracija<\/h6><p>Sve + posebni zahtjevi klijenta...<\/p><\/div>\n                                                                    <\/div>\n                                                                \n                                                                <div class=\"table-footer\">\n                                    <a href=\"mailto:hello@jobbay.ba\" class=\"theme-btn btn-one\"><span>KONTAKTIRAJTE NAS<\/span><\/a>\n                                <\/div>\n                                                            <\/div>\n                        <\/div>\n                    <\/div>\n                                    <\/div>\n            <\/div>\n        <\/section>\n        <!-- pricing-section end -->\n        \n        \t\t\t\t<\/div>\n\t\t\t\t<\/div>\n\t\t\t\t\t<\/div>\n\t\t\t\t<\/div>\n\t\t\t\t<section class=\"elementor-section elementor-top-section elementor-element elementor-element-8b4d1eb elementor-section-full_width elementor-section-height-default elementor-section-height-default\" data-id=\"8b4d1eb\" data-element_type=\"section\" data-e-type=\"section\">\n\t\t\t\t\t\t<div class=\"elementor-container elementor-column-gap-default\">\n\t\t\t\t\t<div class=\"elementor-column elementor-col-100 elementor-top-column elementor-element elementor-element-b65e760\" data-id=\"b65e760\" data-element_type=\"column\" data-e-type=\"column\">\n\t\t\t<div class=\"elementor-widget-wrap elementor-element-populated\">\n\t\t\t\t\t\t<div class=\"elementor-element elementor-element-2416ec3 elementor-widget elementor-widget-kodesk_call_to_action\" data-id=\"2416ec3\" data-element_type=\"widget\" data-e-type=\"widget\" data-widget_type=\"kodesk_call_to_action.default\">\n\t\t\t\t<div class=\"elementor-widget-container\">\n\t\t\t\t\t\n        <!-- cta-section -->\n        <section class=\"cta-section centred\">\n            <div class=\"outer-container\" style=\"background-image: url(https:\/\/jobbay.ba\/wp-content\/uploads\/2021\/12\/cta-bg.jpg);\">\n                <div class=\"auto-container\">\n                    <div class=\"inner-box\">\n                        <div class=\"icon-box\"><i class=\"flaticon-teamwork\"><\/i><\/div>\n                        <h6>Pravo mjesto za va\u0161 posao<\/h6>\n                        <h2>Kontaktirajte nas odmah i rezervi\u0161ite mjesto u na\u0161oj zajednici<\/h2>\n                        <div class=\"btn-box\">\n                        \t                            <a href=\"tel:033864924\" class=\"phone theme-btn\"><i class=\"flaticon-phone\"><\/i>033 86 49 24<\/a>\n                                                        \n                                                        <a href=\"https:\/\/wa.me\/38766707320\" class=\"theme-btn btn-one\"><span>WhatsUp<\/span><\/a>\n                                                    <\/div>\n                    <\/div>\n                <\/div>\n            <\/div>\n        <\/section>\n        <!-- cta-section end -->\n        \n        \t\t\t\t<\/div>\n\t\t\t\t<\/div>\n\t\t\t\t\t<\/div>\n\t\t<\/div>\n\t\t\t\t\t<\/div>\n\t\t<\/section>\n\t\t\t\t<\/div>\n\t\t","protected":false},"excerpt":{"rendered":"<p>Cijene i paketi Imamo fleksibilne i za sve prilago\u0111ene pakete 19 KM Dnevni paket Za one kojima je povremeno potrebna kancelarija Radno vrijeme Jednokratni pristup u trajanju od 09 do [&hellip;]<\/p>\n","protected":false},"author":1,"featured_media":0,"parent":0,"menu_order":0,"comment_status":"closed","ping_status":"closed","template":"tpl-default-elementor.php","meta":{"footnotes":""},"class_list":["post-822","page","type-page","status-publish","hentry"],"_links":{"self":[{"href":"https:\/\/jobbay.ba\/index.php?rest_route=\/wp\/v2\/pages\/822","targetHints":{"allow":["GET"]}}],"collection":[{"href":"https:\/\/jobbay.ba\/index.php?rest_route=\/wp\/v2\/pages"}],"about":[{"href":"https:\/\/jobbay.ba\/index.php?rest_route=\/wp\/v2\/types\/page"}],"author":[{"embeddable":true,"href":"https:\/\/jobbay.ba\/index.php?rest_route=\/wp\/v2\/users\/1"}],"replies":[{"embeddable":true,"href":"https:\/\/jobbay.ba\/index.php?rest_route=%2Fwp%2Fv2%2Fcomments&post=822"}],"version-history":[{"count":24,"href":"https:\/\/jobbay.ba\/index.php?rest_route=\/wp\/v2\/pages\/822\/revisions"}],"predecessor-version":[{"id":2327,"href":"https:\/\/jobbay.ba\/index.php?rest_route=\/wp\/v2\/pages\/822\/revisions\/2327"}],"wp:attachment":[{"href":"https:\/\/jobbay.ba\/index.php?rest_route=%2Fwp%2Fv2%2Fmedia&parent=822"}],"curies":[{"name":"wp","href":"https:\/\/api.w.org\/{rel}","templated":true}]}}